{"id":71,"date":"2023-10-17T21:31:35","date_gmt":"2023-10-17T19:31:35","guid":{"rendered":"https:\/\/zukunftsvibes.de\/?page_id=71"},"modified":"2024-01-24T21:06:24","modified_gmt":"2024-01-24T20:06:24","slug":"kam-ein-kleiner-teddybaer","status":"publish","type":"page","link":"https:\/\/zukunftsvibes.de\/?page_id=71","title":{"rendered":"Zukunftsvibes"},"content":{"rendered":"<div class=\"wp-block-image\">\n<figure class=\"alignright size-full\"><img loading=\"lazy\" decoding=\"async\" width=\"150\" height=\"199\" src=\"https:\/\/zukunftsvibes.de\/wp-content\/uploads\/2024\/01\/admin-ajax-1.jpeg\" alt=\"\" class=\"wp-image-123\"\/><\/figure>\n<\/div>\n\n\n<p>Herzlich willkommen auf meinem Blog Zukunftsvibes<\/p>\n\n\n\n<p> Damit ihr wisst, mit wem ihr hier zu tun habt, wer ich so bin und was ich so mache, m\u00f6chte ich mich hier kurz vorstellen. <\/p>\n\n\n\n<p>                                                          Mein Name ist Elke Kuhr. <\/p>\n\n\n\n<p>Ich bin Mitte 40 und bin beruflich eigentlich im Rettungsdienst zu Hause. Dort besch\u00e4ftige ich mich unter anderem auch  im Ausbildungsbereich. Da ich schon fr\u00fch festgestellt habe, dass mir die Arbeit mit Kindern sehr gro\u00dfen Spa\u00df macht, gebe ich seit vielen Jahren medizinische Workshops f\u00fcr Kinder. Dazu besuche ich die Kinder in Schulen in Kinderg\u00e4rten und biete hier altersentsprechende  Kurse f\u00fcr die Kinder an. Diese Arbeit ist mir sehr wichtig, da ich im Laufe der Jahre festgestellt habe, dass der Erwerb von erste Hilfe Kenntnissen und das Wissen \u00fcber die Funktionen des  eigenen K\u00f6rpers, signifikant dazu beitragen, dass  Kinder ein gesundes Verh\u00e4ltnis zu ihrem K\u00f6rper aber auch Selbstsicherheit, Empathie, Selbstbewusstsein und  Zivilcourage entwickeln.Es ist wichtig, Kinder hier fr\u00fchst  m\u00f6glich mit ein zu beziehen und immer wieder mit ihnen zu \u00fcben und sie auf dieser Reise zu sich selbst mitzunehmen.Diese Kurse tragen auch zur Gewaltpr\u00e4vention bei- frei nach dem Motto: eine helfende Hand schl\u00e4gt nicht. W\u00e4hrend der Corona Zeit beendete ich zudem eine Ausbildung zur Sozialtrainerin. In diesem Berufszweig arbeite ich mit Kindern sowohl in Gruppen als auch in Einzelsitzungen in den Bereichen Lernschwierigkeiten, soziales Kompetenz Training, Anti Mobbing. Strukturaufbau und Konzentrationsschwierigkeiten. Auch hierzu biete ich Workshops innerhalb der Schule an. Am besten beginnt man hier  schon in der ersten Klasse mit den Kinder an einem positiven sozial kompetenten Verhalten zu arbeiten.  Diese Gruppen Workshops sind effektiver als Einzeltraining, da diese Workshops ein direkten Einfluss auf das weitere Klassengeschehen haben.<\/p>\n\n\n\n<p> Neben der Arbeit mit Kindern, k\u00fcmmere ich mich nat\u00fcrlich auch um die Erwachsenen. In der Erwachsenenbildung finden sich allerlei Kurse und Trainees f\u00fcr Erzieher*innen, Lehrer*innen, Gro\u00dfeltern und nat\u00fcrlich Eltern. In diesen Kursen geht es rund um das Thema Erste Hilfe am Kind, Das erste Jahr mit Kind,soziale Kompetenz st\u00e4rken usw&#8230; <\/p>\n\n\n\n<p>In diesem Blog m\u00f6chte ich euch mit auf meine pers\u00f6nliche Lebensreise nehmen. Ich schreibe meine Gedanken, Ideen und Erfahrungen  zu  unterschiedlichsten Themenbereichen rund um das Thema Familie, Kinder, Erziehung und Schule, da ich diese Aspekte nicht nur als aus der Sicht einer Mutter von 2 Kindern, sondern auch aus beruflicher Sicht hautnah mitbekomme. Ich m\u00f6chte mich hier mit euch austauschen, um Zukunftsvibes zu finden, zu diskutieren und zu besprechen, denn ich f\u00fcr meinen Teil bin mir sicher, wir m\u00fcssen reden und wir m\u00fcssen etwas  \u00e4ndern- das sind wir unseren Kindern schuldig, denn wir haben nur diese eine Zukunft. Wir k\u00f6nnen nicht noch mal w\u00fcrfeln.<\/p>\n\n\n\n<p>Zu guter Letzt bastel ich sehr gerne als Ausgleich und um mich zu entspannen. Manchmal landen hier Sachen in meinem Etsy Shop. Schaut doch auch hier mal vorbei- vielleicht werdet ihr ja f\u00fcndig<\/p>\n\n\n\n<p><\/p>\n\n\n\n<p>Ich hoffe wir sehen oder lesen uns!<\/p>\n\n\n\n<p>Liebe Gr\u00fc\u00dfe<\/p>\n\n\n\n<p>Elke<\/p>\n","protected":false},"excerpt":{"rendered":"<p>Herzlich willkommen auf meinem Blog Zukunftsvibes Damit ihr wisst, mit wem ihr hier zu tun habt, wer ich so bin und was ich so mache, [&hellip;]<\/p>\n","protected":false},"author":1,"featured_media":0,"parent":0,"menu_order":0,"comment_status":"closed","ping_status":"closed","template":"","meta":{"footnotes":""},"class_list":["post-71","page","type-page","status-publish","hentry"],"_links":{"self":[{"href":"https:\/\/zukunftsvibes.de\/index.php?rest_route=\/wp\/v2\/pages\/71","targetHints":{"allow":["GET"]}}],"collection":[{"href":"https:\/\/zukunftsvibes.de\/index.php?rest_route=\/wp\/v2\/pages"}],"about":[{"href":"https:\/\/zukunftsvibes.de\/index.php?rest_route=\/wp\/v2\/types\/page"}],"author":[{"embeddable":true,"href":"https:\/\/zukunftsvibes.de\/index.php?rest_route=\/wp\/v2\/users\/1"}],"replies":[{"embeddable":true,"href":"https:\/\/zukunftsvibes.de\/index.php?rest_route=%2Fwp%2Fv2%2Fcomments&post=71"}],"version-history":[{"count":5,"href":"https:\/\/zukunftsvibes.de\/index.php?rest_route=\/wp\/v2\/pages\/71\/revisions"}],"predecessor-version":[{"id":126,"href":"https:\/\/zukunftsvibes.de\/index.php?rest_route=\/wp\/v2\/pages\/71\/revisions\/126"}],"wp:attachment":[{"href":"https:\/\/zukunftsvibes.de\/index.php?rest_route=%2Fwp%2Fv2%2Fmedia&parent=71"}],"curies":[{"name":"wp","href":"https:\/\/api.w.org\/{rel}","templated":true}]}}